{"id":646,"date":"2016-09-07T08:28:36","date_gmt":"2016-09-07T08:28:36","guid":{"rendered":"http:\/\/www.palaciodebornos.com\/producto\/palacio-de-bornos-la-caprichosa\/"},"modified":"2026-03-02T12:38:17","modified_gmt":"2026-03-02T11:38:17","slug":"palacio-de-bornos-la-caprichosa","status":"publish","type":"product","link":"https:\/\/palaciodebornos.com\/en\/product\/palacio-de-bornos-la-caprichosa\/","title":{"rendered":"Palacio de Bornos La Caprichosa"},"content":{"rendered":"<p style=\"text-align: left;\">With the name \u201cLa Caprichosa,\u201d we wanted to pay tribute to our most special vineyard, which is\nover thirty years old. Thanks to six months of aging on lees, we obtain a wine with greater\ncharacter, body, and smoothness.<\/p>\n<p style=\"text-align: left;\">Color: Bright straw yellow with greenish reflections.<\/p>\n<p style=\"text-align: left;\">Aroma: Intense and complex aroma, with notes of ripe white fruit and mineral hints.<\/p>\n<p style=\"text-align: left;\">Palate: Fresh, full-bodied, smooth, and persistent.<\/p>","protected":false},"excerpt":{"rendered":"<p>Con el nombre de \u201cLa Caprichosa\u201d hemos querido rendir homenaje a nuestro vi\u00f1edo m\u00e1s especial, de suelo cascajoso y con baja fertilidad, plantado en vaso y con m\u00e1s de treinta a\u00f1os de antig\u00fcedad. En su cuidada elaboraci\u00f3n ha jugado un papel muy importante la crianza de cuatro meses sobre l\u00edas, que permite lograr un vino de mayor car\u00e1cter, cuerpo y untuosidad.<\/p>\n<p>Color amarillo pajizo brillante, con reflejos verdosos. Aroma intenso y complejo, con notas de fruta blanca madura y apuntes minerales. Fresco y franco en boca, con volumen, suave y persistente.<\/p>\n<p><a class=\"btn btnficha\" href=\"https:\/\/palaciodebornos.com\/wp-content\/uploads\/2026\/03\/FT-LA-CAPRICHOSA-Verdejo-sobre-lias-2024-ingles.pdf\" target=\"_blank\" rel=\"noopener\">See technical specifications<\/a> <a class=\"btn btncompra\" href=\"https:\/\/www.clubbornos.com\/producto\/palacio-de-bornos-la-caprichosa\" target=\"_blank\" rel=\"noopener\">Compra en Club Bornos<\/a><\/p>","protected":false},"featured_media":4489,"comment_status":"open","ping_status":"closed","template":"","meta":{"_acf_changed":false},"product_brand":[],"product_cat":[65,64],"product_tag":[],"class_list":{"0":"post-646","1":"product","2":"type-product","3":"status-publish","4":"has-post-thumbnail","6":"product_cat-blanco","7":"product_cat-sin-categoria","9":"first","10":"instock","11":"shipping-taxable","12":"product-type-simple"},"acf":[],"_links":{"self":[{"href":"https:\/\/palaciodebornos.com\/en\/wp-json\/wp\/v2\/product\/646","targetHints":{"allow":["GET"]}}],"collection":[{"href":"https:\/\/palaciodebornos.com\/en\/wp-json\/wp\/v2\/product"}],"about":[{"href":"https:\/\/palaciodebornos.com\/en\/wp-json\/wp\/v2\/types\/product"}],"replies":[{"embeddable":true,"href":"https:\/\/palaciodebornos.com\/en\/wp-json\/wp\/v2\/comments?post=646"}],"wp:featuredmedia":[{"embeddable":true,"href":"https:\/\/palaciodebornos.com\/en\/wp-json\/wp\/v2\/media\/4489"}],"wp:attachment":[{"href":"https:\/\/palaciodebornos.com\/en\/wp-json\/wp\/v2\/media?parent=646"}],"wp:term":[{"taxonomy":"product_brand","embeddable":true,"href":"https:\/\/palaciodebornos.com\/en\/wp-json\/wp\/v2\/product_brand?post=646"},{"taxonomy":"product_cat","embeddable":true,"href":"https:\/\/palaciodebornos.com\/en\/wp-json\/wp\/v2\/product_cat?post=646"},{"taxonomy":"product_tag","embeddable":true,"href":"https:\/\/palaciodebornos.com\/en\/wp-json\/wp\/v2\/product_tag?post=646"}],"curies":[{"name":"wp","href":"https:\/\/api.w.org\/{rel}","templated":true}]}}