{"id":4366,"date":"2025-12-04T16:53:14","date_gmt":"2025-12-04T15:53:14","guid":{"rendered":"https:\/\/palaciodebornos.com\/?post_type=product&#038;p=4366"},"modified":"2025-12-16T11:00:31","modified_gmt":"2025-12-16T10:00:31","slug":"palacio-de-bornos-coleccion-de-familia","status":"publish","type":"product","link":"https:\/\/palaciodebornos.com\/en\/product\/palacio-de-bornos-coleccion-de-familia\/","title":{"rendered":"Palacio de Bornos Colecci\u00f3n de Familia Sergio Hern\u00e1ndez Gran Vino"},"content":{"rendered":"<p style=\"text-align: left;\">The winery's most premium wine, this limited edition evokes the luxury of patience and the importance of combining tradition and innovation.<\/p>\n<p style=\"text-align: left;\"><strong>Color:<\/strong>: Straw yellow with steely tones and greenish edges, clean and bright.<\/p>\n<p style=\"text-align: left;\"><strong>Aroma:<\/strong>: High aromatic intensity and great complexity. It presents primary aromas of white fruit and herbaceous notes typical of the variety, blended with hints of butter and brioche, as well as a mineral touch provided by the ceramic container used in its production.<\/p>\n<p style=\"text-align: left;\"><strong>Palate:<\/strong>: Structured and very balanced. It is unctuous, silky, and has a good mouthfeel, reminiscent of the aromas typical of malolactic fermentation. It has a long aftertaste and, overall, is a wine suitable for aging.<\/p>","protected":false},"excerpt":{"rendered":"<p>El vino m\u00e1s premium de la bodega, esta edici\u00f3n limitada evoca el lujo de la paciencia y la importancia de aunar tradici\u00f3n e innovaci\u00f3n. Color: Amarillo pajizo con tonos acerados y ribetes verdosos, limpio y brillante. Aroma: Intensidad arom\u00e1tica alta y de gran complejidad. Presenta aromas primarios de fruta blanca y herb\u00e1ceos t\u00edpicos de la [&hellip;]<\/p>\n","protected":false},"featured_media":4372,"comment_status":"closed","ping_status":"closed","template":"","meta":{"_acf_changed":false},"product_brand":[],"product_cat":[64],"product_tag":[],"class_list":{"0":"post-4366","1":"product","2":"type-product","3":"status-publish","4":"has-post-thumbnail","6":"product_cat-sin-categoria","8":"first","9":"instock","10":"shipping-taxable","11":"product-type-simple"},"acf":[],"_links":{"self":[{"href":"https:\/\/palaciodebornos.com\/en\/wp-json\/wp\/v2\/product\/4366","targetHints":{"allow":["GET"]}}],"collection":[{"href":"https:\/\/palaciodebornos.com\/en\/wp-json\/wp\/v2\/product"}],"about":[{"href":"https:\/\/palaciodebornos.com\/en\/wp-json\/wp\/v2\/types\/product"}],"replies":[{"embeddable":true,"href":"https:\/\/palaciodebornos.com\/en\/wp-json\/wp\/v2\/comments?post=4366"}],"wp:featuredmedia":[{"embeddable":true,"href":"https:\/\/palaciodebornos.com\/en\/wp-json\/wp\/v2\/media\/4372"}],"wp:attachment":[{"href":"https:\/\/palaciodebornos.com\/en\/wp-json\/wp\/v2\/media?parent=4366"}],"wp:term":[{"taxonomy":"product_brand","embeddable":true,"href":"https:\/\/palaciodebornos.com\/en\/wp-json\/wp\/v2\/product_brand?post=4366"},{"taxonomy":"product_cat","embeddable":true,"href":"https:\/\/palaciodebornos.com\/en\/wp-json\/wp\/v2\/product_cat?post=4366"},{"taxonomy":"product_tag","embeddable":true,"href":"https:\/\/palaciodebornos.com\/en\/wp-json\/wp\/v2\/product_tag?post=4366"}],"curies":[{"name":"wp","href":"https:\/\/api.w.org\/{rel}","templated":true}]}}