{"id":4363,"date":"2025-12-18T11:15:25","date_gmt":"2025-12-18T10:15:25","guid":{"rendered":"https:\/\/palaciodebornos.com\/?post_type=product&#038;p=4363"},"modified":"2026-03-18T17:43:57","modified_gmt":"2026-03-18T16:43:57","slug":"laue-frizzante","status":"publish","type":"product","link":"https:\/\/palaciodebornos.com\/en\/product\/laue-frizzante\/","title":{"rendered":"Lau\u00e9 Frizzante"},"content":{"rendered":"<p style=\"text-align: left;\"><strong>Color:<\/strong>Pale yellow with light green reflections.<\/p>\n<p style=\"text-align: left;\"><strong>Aroma:<\/strong>Intense nose, integrated sweetness with citrus and tropical fruit notes.<\/p>\n<p style=\"text-align: left;\"><strong>Palate:<\/strong>Fresh on the palate, marked presence of carbon dioxide and optimal balance between\nacidity and sweetness.<\/p>","protected":false},"excerpt":{"rendered":"<p>Color: Amarillo p\u00e1lido con ligeros reflejos verdes. Aroma: Intenso, dulzor integrado con notas c\u00edtricas, melocot\u00f3n y frutas tropicales. Paladar: Fresco, con marcada presencia de carb\u00f3nico y \u00f3ptimo equilibrio entre acidez y dulzor.<\/p>","protected":false},"featured_media":4513,"comment_status":"closed","ping_status":"closed","template":"","meta":{"_acf_changed":false},"product_brand":[],"product_cat":[64],"product_tag":[],"class_list":{"0":"post-4363","1":"product","2":"type-product","3":"status-publish","4":"has-post-thumbnail","6":"product_cat-sin-categoria","8":"first","9":"instock","10":"shipping-taxable","11":"product-type-simple"},"acf":[],"_links":{"self":[{"href":"https:\/\/palaciodebornos.com\/en\/wp-json\/wp\/v2\/product\/4363","targetHints":{"allow":["GET"]}}],"collection":[{"href":"https:\/\/palaciodebornos.com\/en\/wp-json\/wp\/v2\/product"}],"about":[{"href":"https:\/\/palaciodebornos.com\/en\/wp-json\/wp\/v2\/types\/product"}],"replies":[{"embeddable":true,"href":"https:\/\/palaciodebornos.com\/en\/wp-json\/wp\/v2\/comments?post=4363"}],"wp:featuredmedia":[{"embeddable":true,"href":"https:\/\/palaciodebornos.com\/en\/wp-json\/wp\/v2\/media\/4513"}],"wp:attachment":[{"href":"https:\/\/palaciodebornos.com\/en\/wp-json\/wp\/v2\/media?parent=4363"}],"wp:term":[{"taxonomy":"product_brand","embeddable":true,"href":"https:\/\/palaciodebornos.com\/en\/wp-json\/wp\/v2\/product_brand?post=4363"},{"taxonomy":"product_cat","embeddable":true,"href":"https:\/\/palaciodebornos.com\/en\/wp-json\/wp\/v2\/product_cat?post=4363"},{"taxonomy":"product_tag","embeddable":true,"href":"https:\/\/palaciodebornos.com\/en\/wp-json\/wp\/v2\/product_tag?post=4363"}],"curies":[{"name":"wp","href":"https:\/\/api.w.org\/{rel}","templated":true}]}}