{"id":939,"date":"2017-06-07T10:10:16","date_gmt":"2017-06-07T10:10:16","guid":{"rendered":"http:\/\/www.palaciodebornos.com\/?page_id=939"},"modified":"2020-09-03T08:43:02","modified_gmt":"2020-09-03T08:43:02","slug":"aviso-legal","status":"publish","type":"page","link":"https:\/\/palaciodebornos.com\/en\/aviso-legal\/","title":{"rendered":"AVISO LEGAL"},"content":{"rendered":"<p>Te damos la bienvenida a nuestra web y te agradecemos tu inter\u00e9s por leer las condiciones legales de la misma. Somos conscientes de que este tema puede no ser tu preferido, pero es importante que conozcas toda la informaci\u00f3n relativa a los t\u00e9rminos y condiciones legales que definen las relaciones entre los usuarios de nuestra web y nuestra empresa, como responsable de este sitio web. Como usuario es importante que conozcas estos t\u00e9rminos antes de continuar tu navegaci\u00f3n y participes en alguno de nuestros sorteos<\/p>\n<p>Somos BODEGA DE SARRIA, S.A. (en adelante BODESA), como responsable de esta web, nos comprometemos a procesar la informaci\u00f3n de nuestros usuarios con plenas garant\u00edas y cumplir con los requisitos nacionales y europeos que regulan la recopilaci\u00f3n y uso de los datos personales.<\/p>\n<p>Esta web, por tanto, cumple rigurosamente con el Reglamento (UE) 2016\/679 del Parlamento Europeo y del Consejo de 27 de abril de 2016 relativo a la protecci\u00f3n de las personas f\u00edsicas (RGPD), la Ley Org\u00e1nica 3\/2018, de 5 de diciembre de Protecci\u00f3n de Datos y Garant\u00eda de Derechos Digitales (LOPDGDD), as\u00ed como con la Ley 34\/2002, de 11 de julio, de Servicios de la Sociedad de la Informaci\u00f3n y Comercio Electr\u00f3nico (LSSICE o LSSI).En cumplimiento del art\u00edculo 10 de la Ley 34\/2002, de 11 de julio, de Servicios de la Sociedad de la Informaci\u00f3n y Comercio Electr\u00f3nico, a continuaci\u00f3n, se exponen los datos identificativos de BODESA:<span class=\"Apple-converted-space\">\u00a0<\/span><\/p>\n<p><b>Titular<\/b>: BODEGA DE SARRIA, S.A.<\/p>\n<p><b>NIF:<\/b> A-31100662<\/p>\n<p><b>Direcci\u00f3n:<\/b> Finca Se\u00f1or\u00edo de Sarr\u00eda S\/N, 3100, Puente la Reina (Navarra)<\/p>\n<p><b>Tel\u00e9fono:<\/b> +34 948 202 200<\/p>\n<p><b>Fax: +<\/b>34 948 202 202<\/p>\n<p><b>Direcci\u00f3n de correo electr\u00f3nico<\/b>: <a href=\"mailto:info@bornosbodegas.com\">info@bornosbodegas.com<\/a><span class=\"Apple-converted-space\">\u00a0<\/span><\/p>\n<p><b>Inscripci\u00f3n Registral<\/b>: Inscrita en el Registro Mercantil de Navarra, Tomo 448, Folio 11, Hoja NA-4265.<\/p>\n<h3>1\u00ba) INFORMACI\u00d3N SOBRE PROPIEDAD INTELECTUAL E INDUSTRIAL.<span class=\"Apple-converted-space\">\u00a0<\/span><\/h3>\n<p>BODESA es el titular en exclusiva de los Derechos de Explotaci\u00f3n del presente sitio web. BODESA se reserva todos los derechos de propiedad intelectual e industrial derivados del presente sitio web, siendo necesaria la autorizaci\u00f3n expresa y por escrito por parte de BODESA para cualquier ejercicio y uso de los mismos. La presente reserva de derechos alcanza tanto a la apariencia externa (\u201clook and feel\u201d) como a los contenidos que bajo cualquier formato puedan incluirse y distribuirse a trav\u00e9s de esta web, al propio c\u00f3digo, dise\u00f1o y estructura de navegaci\u00f3n del sitio web.<span class=\"Apple-converted-space\">\u00a0<\/span><\/p>\n<p>Palacio de Bornos, Se\u00f1or\u00edo de Sarr\u00eda, Dominio de Bornos, Orot, Mart\u00ednez Corta y Guelbenzu, entre otros, son nombres y marcas comerciales registradas por BODESA en la Oficina Espa\u00f1ola de Patentes y Marcas, por lo que su uso y explotaci\u00f3n se reserva exclusivamente a su titular.<\/p>\n<p>BODESA podr\u00e1 realizar, en cualquier momento y sin necesidad de previo aviso, modificaciones y actualizaciones sobre la informaci\u00f3n contenida en su sitio web, o en su configuraci\u00f3n o presentaci\u00f3n. BODESA realiza todos los esfuerzos posibles para que la informaci\u00f3n suministrada a trav\u00e9s de esta web sea clara, comprensible y adecuada, as\u00ed como para evitar errores en la medida de lo posible y, en su caso, repararlos o actualizarlos. Sin embargo, BODESA no puede garantizar la inexistencia de errores ni que el contenido de la informaci\u00f3n se encuentre permanentemente actualizado.<\/p>\n<p>BODESA en ning\u00fan caso ser\u00e1 responsable del incumplimiento por parte de sus proveedores o colaboradores de los derechos de propiedad intelectual de los autores de las im\u00e1genes y fotograf\u00edas suministradas por aquellos, presuponi\u00e9ndose que los derechos de explotaci\u00f3n sobre las mismas han sido debidamente cedidos por sus titulares a los citados proveedores.<\/p>\n<h3>2\u00ba) CONDICIONES Y T\u00c9RMINOS DE REGISTRO Y ACCESO AL SITIO WEB.<span class=\"Apple-converted-space\">\u00a0<\/span><\/h3>\n<p>El usuario, por el mero hecho de acceder al presente sitio, cualesquiera que sea la forma de dicho acceso, consiente y accede a las presentes condiciones, las cuales marcar\u00e1n el r\u00e9gimen de utilizaci\u00f3n del presente sitio web. El titular se reserva el derecho a alterarlas y modificarlas en cualquier momento, siendo las publicadas en la \u00faltima actualizaci\u00f3n las que rigen y son de aplicaci\u00f3n en cada visita. Si el usuario no acepta la totalidad de las presentes condiciones, no est\u00e1 autorizado a acceder al presente sitio web y a los contenidos y servicios en \u00e9l alojados, debiendo proceder a abandonar el sitio de forma inmediata. Las presentes condiciones son as\u00ed mismo extensibles y aplicables a las comunicaciones y boletines que en su caso puedan remitirse por el titular del sitio web, debiendo por tanto el usuario aceptar las presentes condiciones para su acceso y\/o uso.<span class=\"Apple-converted-space\">\u00a0<\/span><\/p>\n<p>BODESA se reserva el derecho de excluir, temporalmente o definitivamente, a los usuarios en cualquiera de los siguientes supuestos:<\/p>\n<ul>\n<li>Por incumplimiento de cualquiera de las presentes condiciones generales de uso.<\/li>\n<li>Por incumplimiento de las leyes, la moral, y el Orden P\u00fablico.<\/li>\n<\/ul>\n<h3>3\u00ba) OBJETO.<span class=\"Apple-converted-space\">\u00a0<\/span><\/h3>\n<p>En la presente web el usuario podr\u00e1 encontrar la mejor informaci\u00f3n sobre nuestras bodegas, vi\u00f1edos y vinos que ofrecemos, elaborados siguiendo m\u00e9todos tradicionales, primando el respeto a la tierra y la calidad de las uvas por encima de todo. Asimismo, podr\u00e1 acceder a nuestra tienda on line donde podr\u00e1 comprar nuestros vinos, pudiendo contactar con nosotros por los cauces indicados en el formulario de contacto o mediante correo electr\u00f3nico en la direcci\u00f3n de correo electr\u00f3nico info@bornosbodegas.com, reserv\u00e1ndose el derecho de poder ofrecer otros contenidos y enlaces relacionados o no con lo anterior.<\/p>\n<h3>4\u00ba) POL\u00cdTICA DE PROTECCI\u00d3N DE DATOS PERSONALES.<\/h3>\n<p>Puedes leer qu\u00e9 datos recopilamos y c\u00f3mo tratamos los mismos en nuestra <a href=\"https:\/\/palaciodebornos.com\/en\/politica-proteccion-datos\/\">pol\u00edtica de protecci\u00f3n de datos<\/a>.<\/p>\n<h3>5\u00ba) VINCULACION A OTROS SITIOS WEB.<span class=\"Apple-converted-space\">\u00a0<\/span><\/h3>\n<p>Dentro de nuestra web usted podr\u00e1 acceder a nuestras p\u00e1ginas-perfiles en las redes sociales<span class=\"Apple-converted-space\">\u00a0 <\/span>como Facebook \u00ae e Instagram \u00ae, donde podr\u00e1 encontrar informaci\u00f3n sobre los productos ofertados por nosotros y noticias interesantes. En este sentido debe usted saber que si navega por nuestra p\u00e1gina estando identificado en la correspondiente red social tiene que tener en cuenta que, si accede al perfil del titular de esta web en estas redes sociales, recibir\u00e1 cookies de esos sitios web. No podemos controlar los ajustes de las cookies de terceros, por lo que le sugerimos que compruebe los sitios web de dichos terceros para obtener m\u00e1s informaci\u00f3n sobre sus cookies y c\u00f3mo gestionarlas.<\/p>\n<p>Se proh\u00edbe la presentaci\u00f3n de una p\u00e1gina del sitio web en una ventana de un sitio web que no pertenezca al titular de esta web, mediante la t\u00e9cnica denominada \u00abframing\u00bb, a no ser que cuente con el expreso consentimiento de BODESA.<\/p>\n<p>Se proh\u00edbe la inserci\u00f3n de cualquier tipo de contenido difundido a trav\u00e9s de esta web, en otro sitio web distinto a aquel mediante la t\u00e9cnica denominada \u00abin line linking\u00bb, si ello, no cuenta con el expreso consentimiento de BODESA.<\/p>\n<p>Se autoriza el establecimiento de links de hipertexto (hiperv\u00ednculos) en otros sitios web, los cuales est\u00e9n dirigidos a la home page de esta web, o en su caso, a cualquier otra p\u00e1gina interna (\u201cdeep link\u201d) del sitio web, siempre que las correspondientes p\u00e1ginas aparezcan en una ventana completa y bajo sus respectivas direcciones web, asumiendo su total responsabilidad y riesgo aquel que proceda al establecer el hiperv\u00ednculo al web sitio web.<span class=\"Apple-converted-space\">\u00a0<\/span><\/p>\n<h3>6\u00ba) RESPONSABILIDADES.<span class=\"Apple-converted-space\">\u00a0<\/span><\/h3>\n<p>Los usuarios se comprometen a hacer un uso adecuado de los contenidos y servicios que BODESA ofrece a trav\u00e9s de su sitio web y a no emplearlos para (I) incurrir en actividades il\u00edcitas, ilegales o contrarias a la buena fe y al orden p\u00fablico; (II) difundir contenidos o propaganda de car\u00e1cter racista, xen\u00f3fobo, pornogr\u00e1fico-ilegal, de apolog\u00eda del terrorismo o atentatorio contra los derechos humanos; (III) provocar da\u00f1os en los sistemas inform\u00e1ticos de BODESA o de sus proveedores; (IV) introducir o difundir en la red de BODESA virus inform\u00e1ticos o cualesquiera otros sistemas que sean susceptibles de provocar los da\u00f1os, (V) desarrollar actividades que tengan que ver con t\u00e9cnicas de des compilaci\u00f3n o descodificaci\u00f3n de contenido, no autorizadas.<span class=\"Apple-converted-space\">\u00a0<\/span><\/p>\n<p>En el caso de que el usuario o cualquier otro usuario de Internet tuviera conocimiento de que en el sitio web exhibe contenidos o servicios il\u00edcitos, nocivos, denigrantes, violentos o contrarios a la moral o de que los sitios enlazados remiten a p\u00e1ginas con dicho contenido, deber\u00e1 ponerse en contacto con BODESA en la direcci\u00f3n de correo electr\u00f3nico indicada en este aviso legal, identific\u00e1ndose de forma suficiente si fuese preciso y describiendo los hechos que considera il\u00edcitos o inadecuados. En el supuesto de violaci\u00f3n de derechos tales como los de propiedad intelectual e industrial, deber\u00e1 aportar tambi\u00e9n los datos personales del titular del derecho infringido, cuando sea persona distinta del comunicante. Asimismo, deber\u00e1 aportar el t\u00edtulo que acredite la legitimaci\u00f3n del titular de los derechos y, en su caso, el de representaci\u00f3n para actuar por cuenta del titular cuando sea persona distinta del comunicante, y declaraci\u00f3n expresa de que la informaci\u00f3n contenida en la reclamaci\u00f3n es exacta.<\/p>\n<p>La recepci\u00f3n por parte de BODESA de la comunicaci\u00f3n prevista en esta cl\u00e1usula no supondr\u00e1, seg\u00fan lo dispuesto en la LSSI, el conocimiento efectivo de las actividades y\/o contenidos indicados por el comunicante.<\/p>\n<p>BODESA no garantiza de ninguna forma la precisi\u00f3n, contenido, integridad, legalidad, fiabilidad, actualidad, veracidad, exactitud, funcionamiento o disponibilidad de los contenidos y servicios que ofrece, declinando cualquier responsabilidad sobre los mismos, as\u00ed como los perjuicios que en su caso puedan contemplar. La informaci\u00f3n que se ofrece tiene un car\u00e1cter meramente informativo y no es representativa de nada. Lo dicho anteriormente es extensible a los enlaces, contenidos y opiniones no pertenecientes al titular u no alojados en el presente sitio web, correspondiendo la responsabilidad en todo caso a los titulares de los contenidos y de los sitios en cuesti\u00f3n. As\u00ed mismo, BODESA no se hace responsable del uso incorrecto que en su caso pudiera efectuarse de los contenidos ofrecidos, declinando toda responsabilidad al respecto.<\/p>\n<p>BODESA no se hace responsable directa o subsidiariamente de cuantas reclamaciones puedan derivarse de la calidad, fiabilidad, exactitud o correcci\u00f3n de los contenidos.<\/p>\n<h3>7\u00ba) PRESTACI\u00d3N DEL SERVICIO.<span class=\"Apple-converted-space\">\u00a0<\/span><\/h3>\n<p>BODESA se reserva el derecho a modificar sus programas, as\u00ed como la sistematizaci\u00f3n de los datos suministrados y las caracter\u00edsticas t\u00e9cnicas de acceso y transmisi\u00f3n. Cuando dichos cambios no permitan un uso compatible con las versiones anteriores instaladas, BODESA, lo comunicar\u00e1 a trav\u00e9s de su sitio web. Igualmente se reserva el derecho de interrumpir parcial o totalmente el servicio por cambios t\u00e9cnicos o aver\u00edas, comunic\u00e1ndolo previamente a trav\u00e9s de su sitio web si es posible o a trav\u00e9s de cualquier otro sitio habilitado al efecto.<span class=\"Apple-converted-space\">\u00a0<\/span><\/p>\n<p>BODESA velar\u00e1, en la medida de lo posible, por la seguridad inform\u00e1tica de los soportes t\u00e9cnicos usados por el usuario en su navegaci\u00f3n por las p\u00e1ginas del sitio web. Sin embargo, debido a que Internet no puede ser considerado un medio seguro, BODESA no puede garantizar la ausencia de virus u otros elementos lesivos, introducidos por terceros, que pudieran causar da\u00f1os o alteraciones en el sistema inform\u00e1tico, en los documentos electr\u00f3nicos o en los ficheros del usuario que visite este sitio web. En consecuencia, BODESA no responder\u00e1 por los da\u00f1os y perjuicios que tales elementos pudieran ocasionar al usuario o a terceros.<\/p>\n<p>No es responsabilidad de BODESA el sistema operativo que en este momento est\u00e9 implantado, ni las consecuencias que de un mal funcionamiento del mismo pudieran derivarse.<span class=\"Apple-converted-space\">\u00a0<\/span><\/p>\n<p>BODESA se reserva el derecho de efectuar sin previo aviso las modificaciones que considere oportunas en su sitio web, pudiendo cambiar, suprimir o a\u00f1adir tanto los contenidos y servicios que se presten a trav\u00e9s de la misma como la forma en la que \u00e9stos aparezcan presentados o localizados en su sitio web.<span class=\"Apple-converted-space\">\u00a0<\/span><\/p>\n<h3>8\u00ba) DERECHOS DE IMAGEN y DISCLAIMER.<\/h3>\n<p>BODESA no se hace responsable de los contenidos, informaciones e im\u00e1genes que no dependan del sitio web, ni sean gestionados por BODESA, aunque aparezcan en el sitio web en virtud de cualquier convenio firmado por BODESA.<\/p>\n<h3>9\u00ba) INFRACCIONES.<span class=\"Apple-converted-space\">\u00a0<\/span><\/h3>\n<p>BODESA perseguir\u00e1 el incumplimiento de las anteriores condiciones, as\u00ed como cualquier utilizaci\u00f3n prohibida e indebida de su sitio web ejerciendo todas las acciones civiles y penales que le puedan corresponder en derecho.<\/p>\n<h3>10\u00ba) VALIDEZ.<\/h3>\n<p>En el caso de que alguna cl\u00e1usula o parte de la misma del presente aviso fuera declarada nula, dicha circunstancia no afectar\u00e1 a la validez del resto.<\/p>\n<h3>11\u00ba) JURISDICCI\u00d3N Y FUERO APLICABLE.<\/h3>\n<p>Sabemos que nos llevaremos bien, pero para concretar todas las posibles situaciones que se puedan dar, queremos informarte que la ley aplicable a cualquier controversia que se suscite con relaci\u00f3n al presente sitio web y a los contenidos en \u00e9l ofrecidos, ser\u00e1 la ley espa\u00f1ola. Las partes acuerdan someterse a los Juzgados y Tribunales de Pamplona, con renuncia expresa a cualquier otro fuero que pudiera corresponderles, salvo que conforme a tu ley nacional existiera una regulaci\u00f3n del fuero legal que excluya la posibilidad de sometimiento expreso, en cuyo caso se atender\u00e1 a la disposici\u00f3n legal.<\/p>\n<p style=\"text-align: right;\"><strong>\u00daltima actualizaci\u00f3n el 04 de agosto de 2020<\/strong><\/p>","protected":false},"excerpt":{"rendered":"<p>Te damos la bienvenida a nuestra web y te agradecemos tu inter\u00e9s por leer las condiciones legales de la misma. Somos conscientes de que este tema puede no ser tu preferido, pero es importante que conozcas toda la informaci\u00f3n relativa a los t\u00e9rminos y condiciones legales que definen las relaciones entre los usuarios de nuestra [&hellip;]<\/p>\n","protected":false},"author":1,"featured_media":0,"parent":0,"menu_order":0,"comment_status":"closed","ping_status":"closed","template":"","meta":{"_acf_changed":false,"footnotes":""},"class_list":["post-939","page","type-page","status-publish","hentry"],"acf":[],"_links":{"self":[{"href":"https:\/\/palaciodebornos.com\/en\/wp-json\/wp\/v2\/pages\/939","targetHints":{"allow":["GET"]}}],"collection":[{"href":"https:\/\/palaciodebornos.com\/en\/wp-json\/wp\/v2\/pages"}],"about":[{"href":"https:\/\/palaciodebornos.com\/en\/wp-json\/wp\/v2\/types\/page"}],"author":[{"embeddable":true,"href":"https:\/\/palaciodebornos.com\/en\/wp-json\/wp\/v2\/users\/1"}],"replies":[{"embeddable":true,"href":"https:\/\/palaciodebornos.com\/en\/wp-json\/wp\/v2\/comments?post=939"}],"version-history":[{"count":13,"href":"https:\/\/palaciodebornos.com\/en\/wp-json\/wp\/v2\/pages\/939\/revisions"}],"predecessor-version":[{"id":1582,"href":"https:\/\/palaciodebornos.com\/en\/wp-json\/wp\/v2\/pages\/939\/revisions\/1582"}],"wp:attachment":[{"href":"https:\/\/palaciodebornos.com\/en\/wp-json\/wp\/v2\/media?parent=939"}],"curies":[{"name":"wp","href":"https:\/\/api.w.org\/{rel}","templated":true}]}}