{"id":2615,"date":"2025-04-01T10:55:15","date_gmt":"2025-04-01T10:55:15","guid":{"rendered":"https:\/\/new.palaciodebornos.com\/?page_id=2615"},"modified":"2025-10-20T12:35:11","modified_gmt":"2025-10-20T10:35:11","slug":"la-bodega","status":"publish","type":"page","link":"https:\/\/palaciodebornos.com\/en\/la-bodega\/","title":{"rendered":"Winery"},"content":{"rendered":"<div data-elementor-type=\"wp-page\" data-elementor-id=\"2615\" class=\"elementor elementor-2615\">\n\t\t\t\t\t\t<section class=\"elementor-section elementor-top-section elementor-element elementor-element-bca26af elementor-section-full_width elementor-section-height-min-height elementor-section-items-stretch elementor-section-height-default qodef-elementor-content-no\" data-id=\"bca26af\" data-element_type=\"section\" data-e-type=\"section\" data-settings=\"{&quot;background_background&quot;:&quot;classic&quot;}\">\n\t\t\t\t\t\t<div class=\"elementor-container elementor-column-gap-default\">\n\t\t\t\t\t<div class=\"elementor-column elementor-col-33 elementor-top-column elementor-element elementor-element-5ba79fa qodef-sticky-column--no\" data-id=\"5ba79fa\" data-element_type=\"column\" data-e-type=\"column\">\n\t\t\t<div class=\"elementor-widget-wrap elementor-element-populated\">\n\t\t\t\t\t\t<div class=\"elementor-element elementor-element-20733fa elementor-widget__width-initial elementor-widget-tablet__width-inherit elementor-invisible elementor-widget elementor-widget-qi_addons_for_elementor_section_title\" data-id=\"20733fa\" data-element_type=\"widget\" data-e-type=\"widget\" data-settings=\"{&quot;_animation&quot;:&quot;fadeIn&quot;}\" data-widget_type=\"qi_addons_for_elementor_section_title.default\">\n\t\t\t\t<div class=\"elementor-widget-container\">\n\t\t\t\t\t<div class=\"qodef-shortcode qodef-m qodef-qi-section-title qodef-decoration--italic qodef-link--underline-draw qodef-subtitle-icon--left\">\n\t\t\t\t\t\t<h1 class=\"qodef-m-title translation-block\">The origin<br> of our essence.<\/h1>\n\t\t\t<div class=\"qodef-m-text translation-block\">Our winery, where<br> tradition is reinvented.<\/div>\n\t<\/div>\n\t\t\t\t<\/div>\n\t\t\t\t<\/div>\n\t\t\t\t\t<\/div>\n\t\t<\/div>\n\t\t\t\t<div class=\"elementor-column elementor-col-33 elementor-top-column elementor-element elementor-element-bfeeea4 qodef-sticky-column--no elementor-invisible\" data-id=\"bfeeea4\" data-element_type=\"column\" data-e-type=\"column\" data-settings=\"{&quot;background_background&quot;:&quot;classic&quot;,&quot;animation&quot;:&quot;fadeIn&quot;,&quot;animation_delay&quot;:300}\">\n\t\t\t<div class=\"elementor-widget-wrap elementor-element-populated\">\n\t\t\t\t\t\t<div class=\"elementor-element elementor-element-3599b0c elementor-widget elementor-widget-spacer\" data-id=\"3599b0c\" data-element_type=\"widget\" data-e-type=\"widget\" data-widget_type=\"spacer.default\">\n\t\t\t\t<div class=\"elementor-widget-container\">\n\t\t\t\t\t\t\t<div class=\"elementor-spacer\">\n\t\t\t<div class=\"elementor-spacer-inner\"><\/div>\n\t\t<\/div>\n\t\t\t\t\t\t<\/div>\n\t\t\t\t<\/div>\n\t\t\t\t\t<\/div>\n\t\t<\/div>\n\t\t\t\t<div class=\"elementor-column elementor-col-33 elementor-top-column elementor-element elementor-element-102c21b qodef-sticky-column--no\" data-id=\"102c21b\" data-element_type=\"column\" data-e-type=\"column\">\n\t\t\t<div class=\"elementor-widget-wrap\">\n\t\t\t\t\t\t\t<\/div>\n\t\t<\/div>\n\t\t\t\t\t<\/div>\n\t\t<\/section>\n\t\t\t\t<section class=\"elementor-section elementor-top-section elementor-element elementor-element-bacae62 qodef-elementor-content-grid elementor-section-boxed elementor-section-height-default elementor-section-height-default\" data-id=\"bacae62\" data-element_type=\"section\" data-e-type=\"section\">\n\t\t\t\t\t\t<div class=\"elementor-container elementor-column-gap-default\">\n\t\t\t\t\t<div class=\"elementor-column elementor-col-100 elementor-top-column elementor-element elementor-element-cd509ac qodef-sticky-column--no\" data-id=\"cd509ac\" data-element_type=\"column\" data-e-type=\"column\">\n\t\t\t<div class=\"elementor-widget-wrap elementor-element-populated\">\n\t\t\t\t\t\t<div class=\"elementor-element elementor-element-c3ea8b6 elementor-invisible elementor-widget elementor-widget-qi_addons_for_elementor_section_title\" data-id=\"c3ea8b6\" data-element_type=\"widget\" data-e-type=\"widget\" data-settings=\"{&quot;_animation&quot;:&quot;fadeIn&quot;}\" data-widget_type=\"qi_addons_for_elementor_section_title.default\">\n\t\t\t\t<div class=\"elementor-widget-container\">\n\t\t\t\t\t<div class=\"qodef-shortcode qodef-m qodef-qi-section-title qodef-decoration--italic qodef-link--underline-draw qodef-subtitle-icon--left\">\n\t\t\t\t\t\t<h2 class=\"qodef-m-title\">\n\t\tOur history\t<\/h2>\n\t\t\t<\/div>\n\t\t\t\t<\/div>\n\t\t\t\t<\/div>\n\t\t\t\t\t<\/div>\n\t\t<\/div>\n\t\t\t\t\t<\/div>\n\t\t<\/section>\n\t\t\t\t<section class=\"elementor-section elementor-top-section elementor-element elementor-element-69a3158 qodef-elementor-content-grid elementor-section-boxed elementor-section-height-default elementor-section-height-default\" data-id=\"69a3158\" data-element_type=\"section\" data-e-type=\"section\">\n\t\t\t\t\t\t<div class=\"elementor-container elementor-column-gap-default\">\n\t\t\t\t\t<div class=\"elementor-column elementor-col-100 elementor-top-column elementor-element elementor-element-2fb4181 qodef-sticky-column--no\" data-id=\"2fb4181\" data-element_type=\"column\" data-e-type=\"column\">\n\t\t\t<div class=\"elementor-widget-wrap elementor-element-populated\">\n\t\t\t\t\t\t<div class=\"elementor-element elementor-element-b36c03e elementor-widget elementor-widget-qi_addons_for_elementor_timeline\" data-id=\"b36c03e\" data-element_type=\"widget\" data-e-type=\"widget\" data-widget_type=\"qi_addons_for_elementor_timeline.default\">\n\t\t\t\t<div class=\"elementor-widget-container\">\n\t\t\t\t\t<div class=\"qodef-shortcode qodef-m timeline qodef-qi-timeline qodef-timeline--vertical qodef-timeline-layout--vertical-separated qodef-line--outside qodef-point--diamond qodef-qi--has-appear qodef-reverse-padding\">\n\t<div class=\"qodef-e qodef-e-item elementor-repeater-item-ec6464e qodef-obverse\">\n\t<div class=\"qodef-e-line-holder\">\n\t\t<span class=\"qodef-e-line\"><\/span>\n\t<\/div>\n\t<div class=\"qodef-e-item-inner\">\n\t\t<div class=\"qodef-e-point-holder\">\n\t\t\t<div class=\"qodef-e-point\">\n\t\t\t\t\t<div class=\"qodef-e-icon-holder\">\n\t\t<svg xmlns=\"http:\/\/www.w3.org\/2000\/svg\" xmlns:xlink=\"http:\/\/www.w3.org\/1999\/xlink\" width=\"13\" height=\"13\" xml:space=\"preserve\" style=\"stroke: none;\">  <path d=\"M6.5 13C2.916 13 0 10.084 0 6.5S2.916 0 6.5 0 13 2.916 13 6.5 10.084 13 6.5 13zm0-12C3.468 1 1 3.467 1 6.5S3.468 12 6.5 12 12 9.533 12 6.5 9.532 1 6.5 1z\"><\/path><\/svg>\t<\/div>\n\t\t\t<\/div>\n\t\t<\/div>\n\t\t<div class=\"qodef-e-side-holder\">\n\t\t\t<div class=\"qodef-e-image\">\n\t<img fetchpriority=\"high\" decoding=\"async\" width=\"1147\" height=\"798\" src=\"https:\/\/palaciodebornos.com\/wp-content\/uploads\/2025\/08\/1976-palacio-bornos.jpg\" class=\"attachment-full size-full\" alt=\"\" srcset=\"https:\/\/palaciodebornos.com\/wp-content\/uploads\/2025\/08\/1976-palacio-bornos.jpg 1147w, https:\/\/palaciodebornos.com\/wp-content\/uploads\/2025\/08\/1976-palacio-bornos-300x209.jpg 300w, https:\/\/palaciodebornos.com\/wp-content\/uploads\/2025\/08\/1976-palacio-bornos-1024x712.jpg 1024w, https:\/\/palaciodebornos.com\/wp-content\/uploads\/2025\/08\/1976-palacio-bornos-768x534.jpg 768w, https:\/\/palaciodebornos.com\/wp-content\/uploads\/2025\/08\/1976-palacio-bornos-600x417.jpg 600w\" sizes=\"(max-width: 1147px) 100vw, 1147px\" \/><\/div>\n\t\t<\/div>\n\t\t<div class=\"qodef-e-content-holder\">\n\t\t\t\t\t\t\t<h3 class=\"qodef-e-title\">\n\t\tSince 1976\t\t<\/h3>\n\t\t\t\t\t<p class=\"qodef-e-text\">\n\t\tLocated in Rueda, our winery was founded and began production in 1976, with a history parallel\nto that of the Designation of Origin. The early years saw the brand establish itself in Castile and\nLe\u00f3n, before rapidly expanding nationally and internationally.\t<\/p>\n\t\t\t<\/div>\n\t<\/div>\n<\/div>\n<div class=\"qodef-e qodef-e-item elementor-repeater-item-92237ce qodef-reverse\">\n\t<div class=\"qodef-e-line-holder\">\n\t\t<span class=\"qodef-e-line\"><\/span>\n\t<\/div>\n\t<div class=\"qodef-e-item-inner\">\n\t\t<div class=\"qodef-e-point-holder\">\n\t\t\t<div class=\"qodef-e-point\">\n\t\t\t\t\t<div class=\"qodef-e-icon-holder\">\n\t\t<svg xmlns=\"http:\/\/www.w3.org\/2000\/svg\" xmlns:xlink=\"http:\/\/www.w3.org\/1999\/xlink\" width=\"13\" height=\"13\" xml:space=\"preserve\" style=\"stroke: none;\">  <path d=\"M6.5 13C2.916 13 0 10.084 0 6.5S2.916 0 6.5 0 13 2.916 13 6.5 10.084 13 6.5 13zm0-12C3.468 1 1 3.467 1 6.5S3.468 12 6.5 12 12 9.533 12 6.5 9.532 1 6.5 1z\"><\/path><\/svg>\t<\/div>\n\t\t\t<\/div>\n\t\t<\/div>\n\t\t<div class=\"qodef-e-side-holder\">\n\t\t\t<div class=\"qodef-e-image\">\n\t<img decoding=\"async\" width=\"1440\" height=\"1080\" src=\"https:\/\/palaciodebornos.com\/wp-content\/uploads\/2025\/07\/botellas_ret_palacio_bornos.jpg\" class=\"attachment-full size-full\" alt=\"\" srcset=\"https:\/\/palaciodebornos.com\/wp-content\/uploads\/2025\/07\/botellas_ret_palacio_bornos.jpg 1440w, https:\/\/palaciodebornos.com\/wp-content\/uploads\/2025\/07\/botellas_ret_palacio_bornos-300x225.jpg 300w, https:\/\/palaciodebornos.com\/wp-content\/uploads\/2025\/07\/botellas_ret_palacio_bornos-1024x768.jpg 1024w, https:\/\/palaciodebornos.com\/wp-content\/uploads\/2025\/07\/botellas_ret_palacio_bornos-768x576.jpg 768w, https:\/\/palaciodebornos.com\/wp-content\/uploads\/2025\/07\/botellas_ret_palacio_bornos-600x450.jpg 600w\" sizes=\"(max-width: 1440px) 100vw, 1440px\" \/><\/div>\n\t\t<\/div>\n\t\t<div class=\"qodef-e-content-holder\">\n\t\t\t\t\t\t\t<h3 class=\"qodef-e-title\">\n\t\tPioneers\t\t<\/h3>\n\t\t\t\t\t<p class=\"qodef-e-text\">\n\t\tPalacio de Bornos was the first winery to produce sparkling wine in Castile and Le\u00f3n, beginning\nits history in 1978. Since then, it has worked with the Verdejo variety to create single-varietal\nwines that stand out for their unique personality and character. Using traditional methods, each\nsparkling wine reflects the quality and elegance that characterize the winery, making it an\nauthentic expression of the region.\t<\/p>\n\t\t\t<\/div>\n\t<\/div>\n<\/div>\n<div class=\"qodef-e qodef-e-item elementor-repeater-item-1c852ff qodef-obverse\">\n\t<div class=\"qodef-e-line-holder\">\n\t\t<span class=\"qodef-e-line\"><\/span>\n\t<\/div>\n\t<div class=\"qodef-e-item-inner\">\n\t\t<div class=\"qodef-e-point-holder\">\n\t\t\t<div class=\"qodef-e-point\">\n\t\t\t\t\t<div class=\"qodef-e-icon-holder\">\n\t\t<svg xmlns=\"http:\/\/www.w3.org\/2000\/svg\" xmlns:xlink=\"http:\/\/www.w3.org\/1999\/xlink\" width=\"13\" height=\"13\" xml:space=\"preserve\" style=\"stroke: none;\">  <path d=\"M6.5 13C2.916 13 0 10.084 0 6.5S2.916 0 6.5 0 13 2.916 13 6.5 10.084 13 6.5 13zm0-12C3.468 1 1 3.467 1 6.5S3.468 12 6.5 12 12 9.533 12 6.5 9.532 1 6.5 1z\"><\/path><\/svg>\t<\/div>\n\t\t\t<\/div>\n\t\t<\/div>\n\t\t<div class=\"qodef-e-side-holder\">\n\t\t\t<div class=\"qodef-e-image\">\n\t<img decoding=\"async\" width=\"776\" height=\"538\" src=\"https:\/\/palaciodebornos.com\/wp-content\/uploads\/2025\/04\/Foto-Palacio-de-Bornos-1-Copy-4.jpg\" class=\"attachment-full size-full\" alt=\"\" srcset=\"https:\/\/palaciodebornos.com\/wp-content\/uploads\/2025\/04\/Foto-Palacio-de-Bornos-1-Copy-4.jpg 776w, https:\/\/palaciodebornos.com\/wp-content\/uploads\/2025\/04\/Foto-Palacio-de-Bornos-1-Copy-4-300x208.jpg 300w, https:\/\/palaciodebornos.com\/wp-content\/uploads\/2025\/04\/Foto-Palacio-de-Bornos-1-Copy-4-768x532.jpg 768w, https:\/\/palaciodebornos.com\/wp-content\/uploads\/2025\/04\/Foto-Palacio-de-Bornos-1-Copy-4-600x416.jpg 600w\" sizes=\"(max-width: 776px) 100vw, 776px\" \/><\/div>\n\t\t<\/div>\n\t\t<div class=\"qodef-e-content-holder\">\n\t\t\t\t\t\t\t<h3 class=\"qodef-e-title\">\n\t\tRespect for the environment\t\t<\/h3>\n\t\t\t\t\t<p class=\"qodef-e-text\">\n\t\tAt Palacio de Bornos, sustainability guides every step we take. From caring for our vineyards to\nrespecting the environment, combining innovation and tradition. This is how we achieve high-quality wines with their own character, reflecting our commitment to the environment and the future of viticulture.\t<\/p>\n\t\t\t<\/div>\n\t<\/div>\n<\/div>\n<div class=\"qodef-e qodef-e-item elementor-repeater-item-4917dc4 qodef-reverse\">\n\t<div class=\"qodef-e-line-holder\">\n\t\t<span class=\"qodef-e-line\"><\/span>\n\t<\/div>\n\t<div class=\"qodef-e-item-inner\">\n\t\t<div class=\"qodef-e-point-holder\">\n\t\t\t<div class=\"qodef-e-point\">\n\t\t\t\t\t<div class=\"qodef-e-icon-holder\">\n\t\t<svg xmlns=\"http:\/\/www.w3.org\/2000\/svg\" xmlns:xlink=\"http:\/\/www.w3.org\/1999\/xlink\" width=\"13\" height=\"13\" xml:space=\"preserve\" style=\"stroke: none;\">  <path d=\"M6.5 13C2.916 13 0 10.084 0 6.5S2.916 0 6.5 0 13 2.916 13 6.5 10.084 13 6.5 13zm0-12C3.468 1 1 3.467 1 6.5S3.468 12 6.5 12 12 9.533 12 6.5 9.532 1 6.5 1z\"><\/path><\/svg>\t<\/div>\n\t\t\t<\/div>\n\t\t<\/div>\n\t\t<div class=\"qodef-e-side-holder\">\n\t\t\t<div class=\"qodef-e-image\">\n\t<img loading=\"lazy\" decoding=\"async\" width=\"1440\" height=\"1099\" src=\"https:\/\/palaciodebornos.com\/wp-content\/uploads\/2025\/08\/palacio-bornos-bodega-foto.jpg\" class=\"attachment-full size-full\" alt=\"\" srcset=\"https:\/\/palaciodebornos.com\/wp-content\/uploads\/2025\/08\/palacio-bornos-bodega-foto.jpg 1440w, https:\/\/palaciodebornos.com\/wp-content\/uploads\/2025\/08\/palacio-bornos-bodega-foto-300x229.jpg 300w, https:\/\/palaciodebornos.com\/wp-content\/uploads\/2025\/08\/palacio-bornos-bodega-foto-1024x782.jpg 1024w, https:\/\/palaciodebornos.com\/wp-content\/uploads\/2025\/08\/palacio-bornos-bodega-foto-768x586.jpg 768w, https:\/\/palaciodebornos.com\/wp-content\/uploads\/2025\/08\/palacio-bornos-bodega-foto-600x458.jpg 600w\" sizes=\"(max-width: 1440px) 100vw, 1440px\" \/><\/div>\n\t\t<\/div>\n\t\t<div class=\"qodef-e-content-holder\">\n\t\t\t\t\t\t\t<h3 class=\"qodef-e-title\">\n\t\tVision for the future\t\t<\/h3>\n\t\t\t\t\t<p class=\"qodef-e-text\">\n\t\tAfter 50 years of solid work and continuous innovation, with a clear commitment to the vineyard, Palacio de Bornos has become one of the most recognized brands in the Rueda  Designation of Origin, with a presence in the main markets across five continents. And this work continues into the future.\t<\/p>\n\t\t\t<\/div>\n\t<\/div>\n<\/div>\n<\/div>\n\t\t\t\t<\/div>\n\t\t\t\t<\/div>\n\t\t\t\t\t<\/div>\n\t\t<\/div>\n\t\t\t\t\t<\/div>\n\t\t<\/section>\n\t\t<div class=\"elementor-element elementor-element-2860d28 e-con-full e-flex qodef-elementor-content-no e-con e-parent\" data-id=\"2860d28\" data-element_type=\"container\" data-e-type=\"container\" data-settings=\"{&quot;background_background&quot;:&quot;classic&quot;}\">\n\t\t<div class=\"elementor-element elementor-element-541fbc5 e-con-full e-flex qodef-elementor-content-no e-con e-child\" data-id=\"541fbc5\" data-element_type=\"container\" data-e-type=\"container\">\n\t\t\t\t<div class=\"elementor-element elementor-element-fd42afc elementor-pagination-position-outside elementor-widget elementor-widget-image-carousel\" data-id=\"fd42afc\" data-element_type=\"widget\" data-e-type=\"widget\" data-settings=\"{&quot;slides_to_show&quot;:&quot;1&quot;,&quot;navigation&quot;:&quot;dots&quot;,&quot;autoplay_speed&quot;:3000,&quot;autoplay&quot;:&quot;yes&quot;,&quot;pause_on_hover&quot;:&quot;yes&quot;,&quot;pause_on_interaction&quot;:&quot;yes&quot;,&quot;infinite&quot;:&quot;yes&quot;,&quot;effect&quot;:&quot;slide&quot;,&quot;speed&quot;:500}\" data-widget_type=\"image-carousel.default\">\n\t\t\t\t<div class=\"elementor-widget-container\">\n\t\t\t\t\t\t\t<div class=\"elementor-image-carousel-wrapper swiper\" role=\"region\" aria-roledescription=\"carousel\" aria-label=\"Carrusel de im\u00e1genes\" dir=\"ltr\">\n\t\t\t<div class=\"elementor-image-carousel swiper-wrapper swiper-image-stretch\" aria-live=\"off\">\n\t\t\t\t\t\t\t\t<div class=\"swiper-slide\" role=\"group\" aria-roledescription=\"slide\" aria-label=\"1 de 5\"><figure class=\"swiper-slide-inner\"><img decoding=\"async\" class=\"swiper-slide-image\" src=\"https:\/\/palaciodebornos.com\/wp-content\/uploads\/2025\/05\/Foto-Palacio-de-Bornos-5-Copy-6@2x.jpg\" alt=\"Foto Palacio de Bornos (5) Copy 6@2x\" \/><\/figure><\/div><div class=\"swiper-slide\" role=\"group\" aria-roledescription=\"slide\" aria-label=\"2 de 5\"><figure class=\"swiper-slide-inner\"><img decoding=\"async\" class=\"swiper-slide-image\" src=\"https:\/\/palaciodebornos.com\/wp-content\/uploads\/2025\/05\/Foto-Palacio-de-Bornos-5-Copy-5@2x.jpg\" alt=\"Foto Palacio de Bornos (5) Copy 5@2x\" \/><\/figure><\/div><div class=\"swiper-slide\" role=\"group\" aria-roledescription=\"slide\" aria-label=\"3 de 5\"><figure class=\"swiper-slide-inner\"><img decoding=\"async\" class=\"swiper-slide-image\" src=\"https:\/\/palaciodebornos.com\/wp-content\/uploads\/2025\/05\/Foto-Palacio-de-Bornos-5-Copy-4@2x.jpg\" alt=\"Foto Palacio de Bornos (5) Copy 4@2x\" \/><\/figure><\/div><div class=\"swiper-slide\" role=\"group\" aria-roledescription=\"slide\" aria-label=\"4 de 5\"><figure class=\"swiper-slide-inner\"><img decoding=\"async\" class=\"swiper-slide-image\" src=\"https:\/\/palaciodebornos.com\/wp-content\/uploads\/2025\/05\/Foto-Palacio-de-Bornos-5-Copy-3@2x.jpg\" alt=\"Foto Palacio de Bornos (5) Copy 3@2x\" \/><\/figure><\/div><div class=\"swiper-slide\" role=\"group\" aria-roledescription=\"slide\" aria-label=\"5 de 5\"><figure class=\"swiper-slide-inner\"><img decoding=\"async\" class=\"swiper-slide-image\" src=\"https:\/\/palaciodebornos.com\/wp-content\/uploads\/2025\/05\/Foto-Palacio-de-Bornos-5-Copy-2.jpg\" alt=\"Foto Palacio de Bornos (5) Copy 2\" \/><\/figure><\/div>\t\t\t<\/div>\n\t\t\t\t\t\t\t\n\t\t\t\t\t\t\t\t\t<div class=\"swiper-pagination\"><\/div>\n\t\t\t\t\t\t\t\t\t<\/div>\n\t\t\t\t\t\t<\/div>\n\t\t\t\t<\/div>\n\t\t\t\t<\/div>\n\t\t<div class=\"elementor-element elementor-element-03397df e-con-full e-flex qodef-elementor-content-no e-con e-child\" data-id=\"03397df\" data-element_type=\"container\" data-e-type=\"container\">\n\t\t\t\t<div class=\"elementor-element elementor-element-ae844a0 elementor-widget__width-initial elementor-invisible elementor-widget elementor-widget-qi_addons_for_elementor_section_title\" data-id=\"ae844a0\" data-element_type=\"widget\" data-e-type=\"widget\" data-settings=\"{&quot;_animation&quot;:&quot;fadeIn&quot;,&quot;_animation_delay&quot;:300}\" data-widget_type=\"qi_addons_for_elementor_section_title.default\">\n\t\t\t\t<div class=\"elementor-widget-container\">\n\t\t\t\t\t<div class=\"qodef-shortcode qodef-m qodef-qi-section-title qodef-decoration--italic qodef-link--underline-draw qodef-subtitle-icon--left\">\n\t\t\t\t\t\t\t\t<div class=\"qodef-m-text\"><p><strong>Visit us where everything makes sense.<\/strong><\/p><p>In our shop, located next to the winery and just off the A6 Madrid-La Coru\u00f1a motorway (km 170.6), you will find a wide range of wines from all our wineries, as well as a whole series of typical products from the cuisine of Castile and Le\u00f3n.<\/p><p>We will also be delighted to welcome you to our bar, where you can recharge your batteries and\nenjoy a well-deserved break during your journey.<\/p><\/div>\n\t<\/div>\n\t\t\t\t<\/div>\n\t\t\t\t<\/div>\n\t\t\t\t<\/div>\n\t\t<div class=\"elementor-element elementor-element-796f75a e-con-full e-flex qodef-elementor-content-no e-con e-child\" data-id=\"796f75a\" data-element_type=\"container\" data-e-type=\"container\">\n\t\t\t\t<div class=\"elementor-element elementor-element-380c01d elementor-widget__width-initial elementor-invisible elementor-widget elementor-widget-qi_addons_for_elementor_section_title\" data-id=\"380c01d\" data-element_type=\"widget\" data-e-type=\"widget\" data-settings=\"{&quot;_animation&quot;:&quot;fadeIn&quot;,&quot;_animation_delay&quot;:600}\" data-widget_type=\"qi_addons_for_elementor_section_title.default\">\n\t\t\t\t<div class=\"elementor-widget-container\">\n\t\t\t\t\t<div class=\"qodef-shortcode qodef-m qodef-qi-section-title qodef-decoration--italic qodef-link--underline-draw qodef-subtitle-icon--left\">\n\t\t\t\t\t\t<h2 class=\"qodef-m-title translation-block\">Our<br>\nshop, a<br>\nspace<br>\nwith soul.<\/h2>\n\t\t\t<\/div>\n\t\t\t\t<\/div>\n\t\t\t\t<\/div>\n\t\t\t\t<\/div>\n\t\t\t\t<\/div>\n\t\t<div class=\"elementor-element elementor-element-afa362f e-con-full e-flex qodef-elementor-content-no e-con e-parent\" data-id=\"afa362f\" data-element_type=\"container\" data-e-type=\"container\">\n\t\t\t\t<div class=\"elementor-element elementor-element-970e4a8 elementor-widget elementor-widget-google_maps\" data-id=\"970e4a8\" data-element_type=\"widget\" data-e-type=\"widget\" data-widget_type=\"google_maps.default\">\n\t\t\t\t<div class=\"elementor-widget-container\">\n\t\t\t\t\t\t\t<div class=\"elementor-custom-embed\">\n\t\t\t<iframe loading=\"lazy\"\n\t\t\t\t\tsrc=\"https:\/\/maps.google.com\/maps?q=palacio%20de%20bornos&#038;t=m&#038;z=11&#038;output=embed&#038;iwloc=near\"\n\t\t\t\t\ttitle=\"palacio de bornos\"\n\t\t\t\t\taria-label=\"palacio de bornos\"\n\t\t\t><\/iframe>\n\t\t<\/div>\n\t\t\t\t\t\t<\/div>\n\t\t\t\t<\/div>\n\t\t\t\t<\/div>\n\t\t\t\t<section class=\"elementor-section elementor-top-section elementor-element elementor-element-f5c1111 elementor-section-full_width elementor-section-height-min-height elementor-section-height-default elementor-section-items-middle qodef-elementor-content-no\" data-id=\"f5c1111\" data-element_type=\"section\" data-e-type=\"section\" data-settings=\"{&quot;background_background&quot;:&quot;classic&quot;}\">\n\t\t\t\t\t\t<div class=\"elementor-container elementor-column-gap-default\">\n\t\t\t\t\t<div class=\"elementor-column elementor-col-100 elementor-top-column elementor-element elementor-element-82ca465 qodef-sticky-column--no elementor-invisible\" data-id=\"82ca465\" data-element_type=\"column\" data-e-type=\"column\" data-settings=\"{&quot;background_background&quot;:&quot;classic&quot;,&quot;animation&quot;:&quot;fadeIn&quot;}\">\n\t\t\t<div class=\"elementor-widget-wrap elementor-element-populated\">\n\t\t\t\t\t\t<div class=\"elementor-element elementor-element-55fa9a4 elementor-widget__width-auto elementor-widget elementor-widget-qi_addons_for_elementor_section_title\" data-id=\"55fa9a4\" data-element_type=\"widget\" data-e-type=\"widget\" data-widget_type=\"qi_addons_for_elementor_section_title.default\">\n\t\t\t\t<div class=\"elementor-widget-container\">\n\t\t\t\t\t<div class=\"qodef-shortcode qodef-m qodef-qi-section-title qodef-decoration--italic qodef-link--underline-draw qodef-subtitle-icon--left\">\n\t\t\t\t\t\t<h3 class=\"qodef-m-title\">\n\t\tThe vineyard\t<\/h3>\n\t\t\t<\/div>\n\t\t\t\t<\/div>\n\t\t\t\t<\/div>\n\t\t\t\t<div class=\"elementor-element elementor-element-c45c722 elementor-widget elementor-widget-qi_addons_for_elementor_button\" data-id=\"c45c722\" data-element_type=\"widget\" data-e-type=\"widget\" data-widget_type=\"qi_addons_for_elementor_button.default\">\n\t\t\t\t<div class=\"elementor-widget-container\">\n\t\t\t\t\t<a class=\"qodef-shortcode qodef-m qodef-qi-button qodef-html--link qodef-layout--textual qodef-icon--right qodef-hover--icon-move-horizontal-short\" href=\"https:\/\/palaciodebornos.com\/en\/el-vinedo\/\" target=\"_self\">\n\t<span class=\"qodef-m-text\">Learn more<\/span>\n\t\t<span class=\"qodef-m-icon\">\n\t\t<span class=\"qodef-m-icon-inner\">\n\t\t\t<svg xmlns=\"http:\/\/www.w3.org\/2000\/svg\" xmlns:xlink=\"http:\/\/www.w3.org\/1999\/xlink\" width=\"50\" height=\"1\" xml:space=\"preserve\">  <image width=\"160\" height=\"137\" transform=\"translate(-8203.448 -8171.177)\"><\/image>  <path fill=\"#28291B\" d=\"M0-.032h50v1.063H0z\"><\/path><\/svg>\t\t\t\t\t<\/span>\n\t<\/span>\n<\/a>\n\t\t\t\t<\/div>\n\t\t\t\t<\/div>\n\t\t\t\t\t<\/div>\n\t\t<\/div>\n\t\t\t\t\t<\/div>\n\t\t<\/section>\n\t\t\t\t<\/div>","protected":false},"excerpt":{"rendered":"<p>El origen de nuestra esencia. Nuestra bodega, donde la tradici\u00f3n se reinventa. Nuestra historia Desde 1976 Ubicada en Rueda, nuestra Bodega naci\u00f3 y comenz\u00f3 sus elaboraciones en el a\u00f1o 1976, con una historia paralela a la de la Denominaci\u00f3n de Origen. Los primeros a\u00f1os supusieron el asentamiento de la marca en Castilla y Le\u00f3n, para [&hellip;]<\/p>\n","protected":false},"author":4,"featured_media":584,"parent":0,"menu_order":0,"comment_status":"closed","ping_status":"closed","template":"qi-full-width.php","meta":{"_acf_changed":false,"footnotes":""},"class_list":["post-2615","page","type-page","status-publish","has-post-thumbnail","hentry"],"acf":[],"_links":{"self":[{"href":"https:\/\/palaciodebornos.com\/en\/wp-json\/wp\/v2\/pages\/2615","targetHints":{"allow":["GET"]}}],"collection":[{"href":"https:\/\/palaciodebornos.com\/en\/wp-json\/wp\/v2\/pages"}],"about":[{"href":"https:\/\/palaciodebornos.com\/en\/wp-json\/wp\/v2\/types\/page"}],"author":[{"embeddable":true,"href":"https:\/\/palaciodebornos.com\/en\/wp-json\/wp\/v2\/users\/4"}],"replies":[{"embeddable":true,"href":"https:\/\/palaciodebornos.com\/en\/wp-json\/wp\/v2\/comments?post=2615"}],"version-history":[{"count":204,"href":"https:\/\/palaciodebornos.com\/en\/wp-json\/wp\/v2\/pages\/2615\/revisions"}],"predecessor-version":[{"id":4288,"href":"https:\/\/palaciodebornos.com\/en\/wp-json\/wp\/v2\/pages\/2615\/revisions\/4288"}],"wp:featuredmedia":[{"embeddable":true,"href":"https:\/\/palaciodebornos.com\/en\/wp-json\/wp\/v2\/media\/584"}],"wp:attachment":[{"href":"https:\/\/palaciodebornos.com\/en\/wp-json\/wp\/v2\/media?parent=2615"}],"curies":[{"name":"wp","href":"https:\/\/api.w.org\/{rel}","templated":true}]}}