{"id":1067,"date":"2018-05-25T10:49:00","date_gmt":"2018-05-25T10:49:00","guid":{"rendered":"http:\/\/www.palaciodebornos.com\/?page_id=1067"},"modified":"2018-10-17T11:24:38","modified_gmt":"2018-10-17T11:24:38","slug":"palacio-bornos-verdejo-ficha-tecnica","status":"publish","type":"page","link":"https:\/\/palaciodebornos.com\/en\/palacio-bornos-verdejo-ficha-tecnica\/","title":{"rendered":"Palacio de Bornos Verdejo &#8211; Ficha t\u00e9cnica"},"content":{"rendered":"<p>[vc_row full_width=\u00bbstretch_row\u00bb equal_height=\u00bbyes\u00bb css=\u00bb.vc_custom_1532603338889{padding-top: 0px !important;padding-bottom: 0px !important;background-image: url(http:\/\/www.palaciodebornos.com\/wp-content\/uploads\/2016\/09\/palacio-de-bornos-innovacion.jpg?id=603) !important;background-position: center !important;background-repeat: no-repeat !important;background-size: cover !important;}\u00bb][vc_column width=\u00bb1\/2&#8243; css=\u00bb.vc_custom_1532603112730{margin-top: 0px !important;margin-bottom: 0px !important;padding-top: 0px !important;padding-bottom: 0px !important;}\u00bb offset=\u00bbvc_hidden-sm vc_hidden-xs\u00bb][\/vc_column][vc_column width=\u00bb1\/2&#8243; css=\u00bb.vc_custom_1532603332707{margin-top: 0px !important;margin-bottom: 0px !important;padding-top: 100px !important;padding-bottom: 100px !important;}\u00bb offset=\u00bbvc_hidden-sm vc_hidden-xs\u00bb][vc_custom_heading text=\u00bbPalacio de Bornos Verdejo\u00bb font_container=\u00bbtag:h1|font_size:45px|text_align:left|color:%23ffffff|line_height:42px\u00bb use_theme_fonts=\u00bbyes\u00bb css=\u00bb.vc_custom_1528205626731{margin-top: 0px !important;margin-bottom: 0px !important;padding-top: 0px !important;padding-bottom: 0px !important;}\u00bb][vc_custom_heading text=\u00bbD.O. RUEDA\u00bb font_container=\u00bbtag:h3|text_align:left|color:%23f57b0a\u00bb google_fonts=\u00bbfont_family:Raleway%3A100%2C200%2C300%2Cregular%2C500%2C600%2C700%2C800%2C900|font_style:500%20bold%20regular%3A500%3Anormal\u00bb][\/vc_column][\/vc_row][vc_row full_width=\u00bbstretch_row\u00bb equal_height=\u00bbyes\u00bb css=\u00bb.vc_custom_1532603292544{padding-top: 0px !important;padding-bottom: 0px !important;background-image: url(http:\/\/www.palaciodebornos.com\/wp-content\/uploads\/2016\/09\/palacio-de-bornos-innovacion.jpg?id=603) !important;background-position: center !important;background-repeat: no-repeat !important;background-size: cover !important;}\u00bb][vc_column css=\u00bb.vc_custom_1532603484448{margin-top: 0px !important;margin-bottom: 0px !important;padding-top: 100px !important;padding-right: 12% !important;padding-bottom: 70px !important;padding-left: 12% !important;}\u00bb offset=\u00bbvc_hidden-lg vc_hidden-md\u00bb][vc_custom_heading text=\u00bbPalacio de Bornos Verdejo\u00bb font_container=\u00bbtag:h1|font_size:45px|text_align:center|color:%23ffffff|line_height:42px\u00bb use_theme_fonts=\u00bbyes\u00bb css=\u00bb.vc_custom_1532603135275{margin-top: 0px !important;margin-bottom: 0px !important;padding-top: 0px !important;padding-bottom: 0px !important;}\u00bb][vc_custom_heading text=\u00bbD.O. RUEDA\u00bb font_container=\u00bbtag:h3|text_align:center|color:%23f57b0a\u00bb google_fonts=\u00bbfont_family:Raleway%3A100%2C200%2C300%2Cregular%2C500%2C600%2C700%2C800%2C900|font_style:500%20bold%20regular%3A500%3Anormal\u00bb][\/vc_column][\/vc_row][vc_row css=\u00bb.vc_custom_1528229147315{margin-top: 0px !important;margin-bottom: 0px !important;padding-top: 0px !important;padding-bottom: 0px !important;}\u00bb][vc_column width=\u00bb1\/2&#8243; css=\u00bb.vc_custom_1532603056638{margin-top: 0px !important;margin-bottom: 0px !important;padding-top: 0px !important;padding-right: 20% !important;padding-bottom: 0px !important;padding-left: 20% !important;}\u00bb offset=\u00bbvc_hidden-sm vc_hidden-xs\u00bb][vc_single_image image=\u00bb1111&#8243; img_size=\u00bbfull\u00bb alignment=\u00bbcenter\u00bb css_animation=\u00bbappear\u00bb css=\u00bb.vc_custom_1532600619005{margin-top: -300px !important;margin-bottom: 0px !important;padding-bottom: 0px !important;}\u00bb][\/vc_column][vc_column width=\u00bb1\/2&#8243; css=\u00bb.vc_custom_1532603062300{padding-top: 80px !important;padding-right: 15% !important;}\u00bb offset=\u00bbvc_hidden-sm vc_hidden-xs\u00bb][vc_text_separator title=\u00bbNota de cata\u00bb title_align=\u00bbseparator_align_left\u00bb align=\u00bbalign_left\u00bb border_width=\u00bb2&#8243; css=\u00bb.vc_custom_1528203504084{margin-top: 0px !important;margin-bottom: 20px !important;padding-top: 0px !important;padding-bottom: 0px !important;}\u00bb][vc_column_text]<b>Color:<\/b><span style=\"font-weight: 400;\"> Amarillo pajizo, con reflejos verdosos. <\/span><span style=\"font-weight: 400;\"><br \/>\n<\/span><span style=\"font-weight: 400;\"><br \/>\n<\/span><b>Aroma:<\/b><span style=\"font-weight: 400;\"> Intensidad arom\u00e1tica alta en la que se abre todo el abanico varietal de la uva Verdejo. Aromas c\u00edtricos ensamblados con herb\u00e1ceos y matices anisados.<\/span><span style=\"font-weight: 400;\"><br \/>\n<\/span><span style=\"font-weight: 400;\"><br \/>\n<\/span><b>Paladar:<\/b><span style=\"font-weight: 400;\"> Intenso, sabroso y bien equilibrado. Presenta una fresca acidez y un final de buen cuerpo, frutal y arom\u00e1tico en el postgusto.<\/span>[\/vc_column_text][vc_text_separator title=\u00bbRecomendaciones de Consumo\u00bb title_align=\u00bbseparator_align_left\u00bb align=\u00bbalign_left\u00bb border_width=\u00bb2&#8243; css=\u00bb.vc_custom_1532600503644{margin-top: 0px !important;margin-bottom: 20px !important;padding-top: 0px !important;padding-bottom: 0px !important;}\u00bb][vc_column_text]<span style=\"font-weight: 400;\">Temperatura de servicio: 10 a 12\u00baC<br \/>\n<\/span><span style=\"font-weight: 400;\">Recomendaciones de maridaje: Pasta al pesto, quesos suaves, arroces y pescado azul<\/span>[\/vc_column_text][\/vc_column][\/vc_row][vc_row css=\u00bb.vc_custom_1528229147315{margin-top: 0px !important;margin-bottom: 0px !important;padding-top: 0px !important;padding-bottom: 0px !important;}\u00bb][vc_column width=\u00bb1\/2&#8243; css=\u00bb.vc_custom_1532603203283{margin-top: 0px !important;margin-bottom: 0px !important;padding-top: 0px !important;padding-right: 20% !important;padding-bottom: 0px !important;padding-left: 20% !important;}\u00bb offset=\u00bbvc_hidden-lg vc_hidden-md\u00bb][vc_single_image image=\u00bb1111&#8243; img_size=\u00bbfull\u00bb alignment=\u00bbcenter\u00bb css_animation=\u00bbappear\u00bb css=\u00bb.vc_custom_1532603241757{margin-top: 0px !important;margin-bottom: 0px !important;padding-top: 0px !important;padding-bottom: 0px !important;}\u00bb][\/vc_column][vc_column width=\u00bb1\/2&#8243; css=\u00bb.vc_custom_1532603444284{border-top-width: 1px !important;padding-top: 80px !important;padding-right: 12% !important;padding-bottom: 80px !important;padding-left: 12% !important;border-top-color: #eaeaea !important;border-top-style: solid !important;border-radius: 1px !important;}\u00bb offset=\u00bbvc_hidden-lg vc_hidden-md\u00bb][vc_text_separator title=\u00bbNota de cata\u00bb title_align=\u00bbseparator_align_left\u00bb align=\u00bbalign_left\u00bb border_width=\u00bb2&#8243; css=\u00bb.vc_custom_1528203504084{margin-top: 0px !important;margin-bottom: 20px !important;padding-top: 0px !important;padding-bottom: 0px !important;}\u00bb][vc_column_text]<b>Color:<\/b><span style=\"font-weight: 400;\"> Amarillo pajizo, con reflejos verdosos. <\/span><span style=\"font-weight: 400;\"><br \/>\n<\/span><span style=\"font-weight: 400;\"><br \/>\n<\/span><b>Aroma:<\/b><span style=\"font-weight: 400;\"> Intensidad arom\u00e1tica alta en la que se abre todo el abanico varietal de la uva Verdejo. Aromas c\u00edtricos ensamblados con herb\u00e1ceos y matices anisados.<\/span><span style=\"font-weight: 400;\"><br \/>\n<\/span><span style=\"font-weight: 400;\"><br \/>\n<\/span><b>Paladar:<\/b><span style=\"font-weight: 400;\"> Intenso, sabroso y bien equilibrado. Presenta una fresca acidez y un final de buen cuerpo, frutal y arom\u00e1tico en el postgusto.<\/span>[\/vc_column_text][vc_text_separator title=\u00bbRecomendaciones de Consumo\u00bb title_align=\u00bbseparator_align_left\u00bb align=\u00bbalign_left\u00bb border_width=\u00bb2&#8243; css=\u00bb.vc_custom_1532600503644{margin-top: 0px !important;margin-bottom: 20px !important;padding-top: 0px !important;padding-bottom: 0px !important;}\u00bb][vc_column_text]<span style=\"font-weight: 400;\">Temperatura de servicio: 10 a 12\u00baC<br \/>\n<\/span><span style=\"font-weight: 400;\">Recomendaciones de maridaje: Pasta al pesto, quesos suaves, arroces y pescado azul<\/span>[\/vc_column_text][\/vc_column][\/vc_row][vc_row full_width=\u00bbstretch_row\u00bb css=\u00bb.vc_custom_1528205542594{margin-top: 0px !important;margin-bottom: 0px !important;padding-top: 30px !important;padding-bottom: 40px !important;background-color: #efefef !important;}\u00bb el_id=\u00bbdatostec\u00bb][vc_column][vc_row_inner css=\u00bb.vc_custom_1528204276099{margin-top: 0px !important;margin-bottom: 0px !important;padding-top: 0px !important;padding-bottom: 0px !important;}\u00bb][vc_column_inner width=\u00bb1\/3&#8243; offset=\u00bbvc_hidden-sm vc_hidden-xs\u00bb][vc_single_image image=\u00bb1115&#8243; img_size=\u00bbmedium\u00bb alignment=\u00bbcenter\u00bb][\/vc_column_inner][vc_column_inner width=\u00bb2\/3&#8243;][vc_custom_heading text=\u00bbMedallas\u00bb font_container=\u00bbtag:h3|font_size:25px|text_align:left|color:%23f57b0a|line_height:25px\u00bb use_theme_fonts=\u00bbyes\u00bb css=\u00bb.vc_custom_1528205556492{margin-top: 0px !important;margin-bottom: 50px !important;padding-top: 0px !important;padding-bottom: 0px !important;}\u00bb][vc_column_text]<\/p>\n<ul>\n<li style=\"font-weight: 400;\"><span style=\"font-weight: 400;\">Medalla de Plata Challenge International du Vin 2018<\/span><\/li>\n<li style=\"font-weight: 400;\"><span style=\"font-weight: 400;\">Medalla de Oro Concours Mondial de Bruxelles 2016<\/span><\/li>\n<li>Medalla de Oro Asian Wine Trophy 2015<\/li>\n<li>Medalla de Oro Berliner Wein Trophy 2015<\/li>\n<li style=\"font-weight: 400;\"><span style=\"font-weight: 400;\">Medalla de Plata Concours Mondial de Bruxelles 2015<\/span><\/li>\n<li style=\"font-weight: 400;\"><span style=\"font-weight: 400;\">Medalla de Plata Challenge International du Vin 2014<\/span><\/li>\n<li style=\"font-weight: 400;\"><span style=\"font-weight: 400;\">Medalla de Plata Challenge Best Spanish Wines for USA 2013<\/span><\/li>\n<li style=\"font-weight: 400;\"><span style=\"font-weight: 400;\">Medalla de Plata Concours Mondial de Bruxelles 2013<\/span><\/li>\n<li style=\"font-weight: 400;\"><span style=\"font-weight: 400;\">Medalla de Plata Challenge to the Best Spanish Wines for Asia 2012<\/span><\/li>\n<\/ul>\n<p>[\/vc_column_text][\/vc_column_inner][\/vc_row_inner][\/vc_column][\/vc_row][vc_row full_width=\u00bbstretch_row\u00bb gap=\u00bb20&#8243; equal_height=\u00bbyes\u00bb content_placement=\u00bbtop\u00bb color_style=\u00bblight\u00bb css=\u00bb.vc_custom_1532601860515{margin-top: 0px !important;margin-bottom: 0px !important;padding-top: 40px !important;padding-bottom: 0px !important;background-color: #000000 !important;}\u00bb][vc_column width=\u00bb4\/12&#8243;][vc_custom_heading text=\u00bbDatos T\u00e9cnicos\u00bb font_container=\u00bbtag:h3|font_size:25px|text_align:left|color:%23f57b0a|line_height:25px\u00bb use_theme_fonts=\u00bbyes\u00bb css=\u00bb.vc_custom_1528205180390{margin-top: 0px !important;margin-bottom: 20px !important;padding-top: 0px !important;padding-bottom: 0px !important;}\u00bb][vc_column_text el_class=\u00bbtextwhite\u00bb]<span style=\"color: #eeeeee;\"><strong>Denominaci\u00f3n de Origen:<\/strong>: D.O. RUEDA<br \/>\n<strong>Variedades de Uva:<\/strong> 100% VERDEJO<br \/>\n<strong>Cosecha:<\/strong> 2017<br \/>\n<strong>\u00c1rea de Producci\u00f3n:<\/strong> Rueda<\/span><\/p>\n<hr \/>\n<p><span style=\"color: #7d7d7d;\"><strong>VI\u00d1EDO PROPIO<\/strong><\/span><br \/>\n<span style=\"color: #eeeeee;\"><strong>Superficie:<\/strong> 308 ha.<br \/>\n<strong>Tipo de Suelo:<\/strong> Pedregosa parda, rica en Ca y Mg.<br \/>\n<strong>Edad media:<\/strong> 15 a\u00f1os<br \/>\n<strong>Densidad de plantaci\u00f3n:<\/strong> 2.222 cepas\/ha.<br \/>\n<strong>Rendimiento:<\/strong> 9.000 kg.\/ha.<br \/>\n<strong>Tipo de plantaci\u00f3n: <\/strong>Espaldera<br \/>\n<strong>Altitud media: <\/strong>700 m<br \/>\n<strong>Clima: <\/strong>Mediterr\u00e1neo con influencia continental<\/span><\/p>\n<hr \/>\n<p><span style=\"color: #7d7d7d;\"><strong>ELABORACI\u00d3N<\/strong><\/span><br \/>\n<span style=\"color: #eeeeee;\"><strong>Vendimia:<\/strong> Mec\u00e1nica<br \/>\n<strong>Fecha de vendimia:<\/strong> Principios septiembre<br \/>\n<strong>Dep\u00f3sitos de Fermentaci\u00f3n:<\/strong> Inoxidable<br \/>\n<strong>Temperatura Fermentaci\u00f3n:<\/strong> 14-16oC<br \/>\n<strong>Tiempo Fermentaci\u00f3n:<\/strong> 12\u201416 d\u00edas<br \/>\n<\/span>[\/vc_column_text][\/vc_column][vc_column width=\u00bb4\/12&#8243;][vc_custom_heading text=\u00bbDatos Anal\u00edticos\u00bb font_container=\u00bbtag:h3|font_size:25px|text_align:left|color:%23f57b0a|line_height:25px\u00bb use_theme_fonts=\u00bbyes\u00bb css=\u00bb.vc_custom_1528205210070{margin-top: 0px !important;margin-bottom: 20px !important;padding-top: 0px !important;padding-bottom: 0px !important;}\u00bb][vc_column_text]<span style=\"color: #eeeeee;\"><strong>Grado:<\/strong> 13 %<br \/>\n<strong>Acidez total:<\/strong> 5,3 g\/l<br \/>\n<strong>Az\u00facar residual:<\/strong> 2.8 g\/l<br \/>\n<\/span><\/p>\n<hr \/>\n<p>[\/vc_column_text][vc_custom_heading text=\u00bbDatos Log\u00edsticos\u00bb font_container=\u00bbtag:h3|font_size:25px|text_align:left|color:%23f57b0a|line_height:25px\u00bb use_theme_fonts=\u00bbyes\u00bb css=\u00bb.vc_custom_1528205263556{margin-top: 0px !important;margin-bottom: 20px !important;padding-top: 0px !important;padding-bottom: 0px !important;}\u00bb][vc_column_text]<span style=\"color: #eeeeee;\"><strong>Botella:<\/strong> Bordelesa 75 cl<br \/>\n<strong>Tap\u00f3n:<\/strong> Sint\u00e9tico<br \/>\n<strong>Caja:<\/strong> 12 botellas<br \/>\n<strong>Dimensiones caja:<\/strong> 31 X 31 X 24 cm<br \/>\n<strong>Peso:<\/strong> 15 Kg.<br \/>\n<strong>Paletizaci\u00f3n:<\/strong> Palet Euro 80\u00d7120: 720 botellas.<br \/>\n<strong>N\u00ba cajas por capa:<\/strong> 12<br \/>\n<strong>N\u00ba de capas:<\/strong> 5<br \/>\n<strong>N\u00ba de cajas por palet:<\/strong> 60<br \/>\n<strong>C\u00f3digo EAN bot.:<\/strong> 8420759000113<br \/>\n<\/span>[\/vc_column_text][\/vc_column][vc_column width=\u00bb4\/12&#8243;][vc_single_image image=\u00bb1017&#8243; img_size=\u00bbfull\u00bb alignment=\u00bbcenter\u00bb css_animation=\u00bbtop-to-bottom\u00bb][\/vc_column][\/vc_row][vc_row full_width=\u00bbstretch_row\u00bb css=\u00bb.vc_custom_1532601801974{margin-top: 0px !important;padding-top: 0px !important;background-color: #000000 !important;background-position: center !important;background-repeat: no-repeat !important;background-size: cover !important;}\u00bb][vc_column][button button_link=\u00bburl:http%3A%2F%2Fwww.palaciodebornos.com%2Fwp-content%2Fuploads%2F2018%2F10%2FFicha-Tecnica-PALACIO-DE-BORNOS-Verdejo-2017.pdf|title:DESCARGA%20PDF|target:%20_blank|\u00bb button_size=\u00bblg\u00bb button_align=\u00bbbutton-center\u00bb button_icon=\u00bbpixicon-files-solid\u00bb][\/vc_column][\/vc_row][vc_row full_width=\u00bbstretch_row\u00bb css=\u00bb.vc_custom_1528205588706{background-image: url(http:\/\/www.palaciodebornos.com\/wp-content\/uploads\/2016\/09\/do-rueda-palaciodebornos.jpg?id=575) !important;background-position: center !important;background-repeat: no-repeat !important;background-size: cover !important;}\u00bb][vc_column][\/vc_column][\/vc_row]<\/p>\n","protected":false},"excerpt":{"rendered":"<p>[vc_row full_width=\u00bbstretch_row\u00bb equal_height=\u00bbyes\u00bb css=\u00bb.vc_custom_1532603338889{padding-top: 0px !important;padding-bottom: 0px !important;background-image: url(http:\/\/www.palaciodebornos.com\/wp-content\/uploads\/2016\/09\/palacio-de-bornos-innovacion.jpg?id=603) !important;background-position: center !important;background-repeat: no-repeat !important;background-size: cover !important;}\u00bb][vc_column width=\u00bb1\/2&#8243; css=\u00bb.vc_custom_1532603112730{margin-top: 0px !important;margin-bottom: 0px !important;padding-top: 0px !important;padding-bottom: 0px !important;}\u00bb offset=\u00bbvc_hidden-sm vc_hidden-xs\u00bb][\/vc_column][vc_column width=\u00bb1\/2&#8243; css=\u00bb.vc_custom_1532603332707{margin-top: 0px !important;margin-bottom: 0px !important;padding-top: 100px !important;padding-bottom: 100px !important;}\u00bb offset=\u00bbvc_hidden-sm vc_hidden-xs\u00bb][vc_custom_heading text=\u00bbPalacio de Bornos Verdejo\u00bb font_container=\u00bbtag:h1|font_size:45px|text_align:left|color:%23ffffff|line_height:42px\u00bb use_theme_fonts=\u00bbyes\u00bb css=\u00bb.vc_custom_1528205626731{margin-top: 0px !important;margin-bottom: 0px !important;padding-top: 0px !important;padding-bottom: 0px !important;}\u00bb][vc_custom_heading [&hellip;]<\/p>\n","protected":false},"author":1,"featured_media":0,"parent":0,"menu_order":0,"comment_status":"closed","ping_status":"closed","template":"","meta":{"_acf_changed":false,"footnotes":""},"class_list":["post-1067","page","type-page","status-publish","hentry"],"acf":[],"_links":{"self":[{"href":"https:\/\/palaciodebornos.com\/en\/wp-json\/wp\/v2\/pages\/1067","targetHints":{"allow":["GET"]}}],"collection":[{"href":"https:\/\/palaciodebornos.com\/en\/wp-json\/wp\/v2\/pages"}],"about":[{"href":"https:\/\/palaciodebornos.com\/en\/wp-json\/wp\/v2\/types\/page"}],"author":[{"embeddable":true,"href":"https:\/\/palaciodebornos.com\/en\/wp-json\/wp\/v2\/users\/1"}],"replies":[{"embeddable":true,"href":"https:\/\/palaciodebornos.com\/en\/wp-json\/wp\/v2\/comments?post=1067"}],"version-history":[{"count":41,"href":"https:\/\/palaciodebornos.com\/en\/wp-json\/wp\/v2\/pages\/1067\/revisions"}],"predecessor-version":[{"id":1430,"href":"https:\/\/palaciodebornos.com\/en\/wp-json\/wp\/v2\/pages\/1067\/revisions\/1430"}],"wp:attachment":[{"href":"https:\/\/palaciodebornos.com\/en\/wp-json\/wp\/v2\/media?parent=1067"}],"curies":[{"name":"wp","href":"https:\/\/api.w.org\/{rel}","templated":true}]}}